{"id":1150,"date":"2023-09-16T20:20:44","date_gmt":"2023-09-16T20:20:44","guid":{"rendered":"https:\/\/racoon-steuerungstechnik.de\/?page_id=1150"},"modified":"2025-08-29T18:03:41","modified_gmt":"2025-08-29T18:03:41","slug":"home","status":"publish","type":"page","link":"https:\/\/racoon-steuerungstechnik.de\/","title":{"rendered":"Home"},"content":{"rendered":"\t\t<div data-elementor-type=\"wp-page\" data-elementor-id=\"1150\" class=\"elementor elementor-1150\">\n\t\t\t\t\t\t<section class=\"elementor-section elementor-top-section elementor-element elementor-element-ec2f29d elementor-section-boxed elementor-section-height-default elementor-section-height-default\" data-id=\"ec2f29d\" data-element_type=\"section\" data-e-type=\"section\">\n\t\t\t\t\t\t<div class=\"elementor-container elementor-column-gap-default\">\n\t\t\t\t\t<div class=\"elementor-column elementor-col-50 elementor-top-column elementor-element elementor-element-eda5da7\" data-id=\"eda5da7\" data-element_type=\"column\" data-e-type=\"column\">\n\t\t\t<div class=\"elementor-widget-wrap elementor-element-populated\">\n\t\t\t\t\t\t<div class=\"elementor-element elementor-element-9b3691d elementor-widget elementor-widget-text-editor\" data-id=\"9b3691d\" data-element_type=\"widget\" data-e-type=\"widget\" data-widget_type=\"text-editor.default\">\n\t\t\t\t<div class=\"elementor-widget-container\">\n\t\t\t\t\t\t\t\t\t<p><strong>Racoon Steuerungstechnik &#8211; Ihr Experte f\u00fcr den An- und Verkauf von Industrietechnik, Medizintechnik, Steuer &amp; Regeltechnik und Luftschutztechnik.<\/strong><\/p><p>\u00a0<\/p><p>Unser Unternehmen hat sich auf\u00a0 den An- und Verkauf von den oben genannten Artikeln spezialisiert und bietet Ihnen eine breite Palette an Produkten und Dienstleistungen, um Ihre individuellen Anforderungen zu erf\u00fcllen.<\/p><p>\u00a0<\/p><p>Als Aussergew\u00f6hnliches Angebot bieten wir die fachgerechte Verwertung, den An- und Verkauf von Luftschutztechnik an.<\/p>\t\t\t\t\t\t\t\t<\/div>\n\t\t\t\t<\/div>\n\t\t\t\t\t<\/div>\n\t\t<\/div>\n\t\t\t\t<div class=\"elementor-column elementor-col-50 elementor-top-column elementor-element elementor-element-ca2a4e8\" data-id=\"ca2a4e8\" data-element_type=\"column\" data-e-type=\"column\">\n\t\t\t<div class=\"elementor-widget-wrap elementor-element-populated\">\n\t\t\t\t\t\t<div class=\"elementor-element elementor-element-fae411d elementor-widget elementor-widget-image\" data-id=\"fae411d\" data-element_type=\"widget\" data-e-type=\"widget\" data-widget_type=\"image.default\">\n\t\t\t\t<div class=\"elementor-widget-container\">\n\t\t\t\t\t\t\t\t\t\t\t\t\t\t\t<img fetchpriority=\"high\" decoding=\"async\" width=\"800\" height=\"532\" src=\"https:\/\/racoon-steuerungstechnik.de\/wp-content\/uploads\/2023\/09\/AdobeStock_452156312.jpeg\" class=\"attachment-large size-large wp-image-1157\" alt=\"\" srcset=\"https:\/\/racoon-steuerungstechnik.de\/wp-content\/uploads\/2023\/09\/AdobeStock_452156312.jpeg 800w, https:\/\/racoon-steuerungstechnik.de\/wp-content\/uploads\/2023\/09\/AdobeStock_452156312-300x200.jpeg 300w, https:\/\/racoon-steuerungstechnik.de\/wp-content\/uploads\/2023\/09\/AdobeStock_452156312-768x511.jpeg 768w\" sizes=\"(max-width: 800px) 100vw, 800px\" \/>\t\t\t\t\t\t\t\t\t\t\t\t\t\t\t<\/div>\n\t\t\t\t<\/div>\n\t\t\t\t\t<\/div>\n\t\t<\/div>\n\t\t\t\t\t<\/div>\n\t\t<\/section>\n\t\t\t\t<section class=\"elementor-section elementor-top-section elementor-element elementor-element-f47ceac elementor-section-boxed elementor-section-height-default elementor-section-height-default\" data-id=\"f47ceac\" data-element_type=\"section\" data-e-type=\"section\">\n\t\t\t\t\t\t<div class=\"elementor-container elementor-column-gap-default\">\n\t\t\t\t\t<div class=\"elementor-column elementor-col-50 elementor-top-column elementor-element elementor-element-4989571\" data-id=\"4989571\" data-element_type=\"column\" data-e-type=\"column\">\n\t\t\t<div class=\"elementor-widget-wrap elementor-element-populated\">\n\t\t\t\t\t\t<div class=\"elementor-element elementor-element-e12f77d elementor-widget elementor-widget-image\" data-id=\"e12f77d\" data-element_type=\"widget\" data-e-type=\"widget\" data-widget_type=\"image.default\">\n\t\t\t\t<div class=\"elementor-widget-container\">\n\t\t\t\t\t\t\t\t\t\t\t\t\t\t\t<img decoding=\"async\" width=\"800\" height=\"600\" src=\"https:\/\/racoon-steuerungstechnik.de\/wp-content\/uploads\/2023\/09\/AdobeStock_159173304.jpeg\" class=\"attachment-large size-large wp-image-1158\" alt=\"\" srcset=\"https:\/\/racoon-steuerungstechnik.de\/wp-content\/uploads\/2023\/09\/AdobeStock_159173304.jpeg 800w, https:\/\/racoon-steuerungstechnik.de\/wp-content\/uploads\/2023\/09\/AdobeStock_159173304-300x225.jpeg 300w, https:\/\/racoon-steuerungstechnik.de\/wp-content\/uploads\/2023\/09\/AdobeStock_159173304-768x576.jpeg 768w\" sizes=\"(max-width: 800px) 100vw, 800px\" \/>\t\t\t\t\t\t\t\t\t\t\t\t\t\t\t<\/div>\n\t\t\t\t<\/div>\n\t\t\t\t\t<\/div>\n\t\t<\/div>\n\t\t\t\t<div class=\"elementor-column elementor-col-50 elementor-top-column elementor-element elementor-element-e93b5fc\" data-id=\"e93b5fc\" data-element_type=\"column\" data-e-type=\"column\">\n\t\t\t<div class=\"elementor-widget-wrap elementor-element-populated\">\n\t\t\t\t\t\t<div class=\"elementor-element elementor-element-d4c13c1 elementor-widget elementor-widget-text-editor\" data-id=\"d4c13c1\" data-element_type=\"widget\" data-e-type=\"widget\" data-widget_type=\"text-editor.default\">\n\t\t\t\t<div class=\"elementor-widget-container\">\n\t\t\t\t\t\t\t\t\t<p>Der Kauf von gebrauchten Artikeln bietet Ihnen zahlreiche Vorteile. Zum einen k\u00f6nnen Sie erhebliche Kosten einsparen, da gebrauchte Technik oft zu einem Bruchteil des Neupreises erh\u00e4ltlich ist. Dar\u00fcber hinaus k\u00f6nnen Sie von einer schnellen Verf\u00fcgbarkeit profitieren, da wir st\u00e4ndig eine gro\u00dfe Auswahl an Produkten auf Lager haben. Dies erm\u00f6glicht es Ihnen, Ihre Prozesse effizienter zu gestalten und Ausfallzeiten zu minimieren.<\/p><p>Bei Racoon Steuerungstechnik legen wir gro\u00dfen Wert auf Qualit\u00e4t und Zuverl\u00e4ssigkeit. Bevor wir gebrauchte Technik zum Verkauf anbieten, wird sie von unserem erfahrenen Team gr\u00fcndlich gepr\u00fcft und getestet, um sicherzustellen, dass sie den h\u00f6chsten Standards entspricht. Dadurch kann man\u00a0 sich darauf verlassen, dass man Produkte von h\u00f6chster Qualit\u00e4t erh\u00e4lt, die Ihren Anforderungen gerecht werden.<\/p><p>\u00a0<\/p>\t\t\t\t\t\t\t\t<\/div>\n\t\t\t\t<\/div>\n\t\t\t\t\t<\/div>\n\t\t<\/div>\n\t\t\t\t\t<\/div>\n\t\t<\/section>\n\t\t\t\t<section class=\"elementor-section elementor-top-section elementor-element elementor-element-70b4c2c elementor-section-boxed elementor-section-height-default elementor-section-height-default\" data-id=\"70b4c2c\" data-element_type=\"section\" data-e-type=\"section\">\n\t\t\t\t\t\t<div class=\"elementor-container elementor-column-gap-default\">\n\t\t\t\t\t<div class=\"elementor-column elementor-col-50 elementor-top-column elementor-element elementor-element-42c2607\" data-id=\"42c2607\" data-element_type=\"column\" data-e-type=\"column\">\n\t\t\t<div class=\"elementor-widget-wrap elementor-element-populated\">\n\t\t\t\t\t\t<div class=\"elementor-element elementor-element-ce5d5d1 elementor-widget__width-initial elementor-widget elementor-widget-image\" data-id=\"ce5d5d1\" data-element_type=\"widget\" data-e-type=\"widget\" data-widget_type=\"image.default\">\n\t\t\t\t<div class=\"elementor-widget-container\">\n\t\t\t\t\t\t\t\t\t\t\t\t\t\t\t<img decoding=\"async\" width=\"1024\" height=\"768\" src=\"https:\/\/racoon-steuerungstechnik.de\/wp-content\/uploads\/2023\/10\/20230819_093349-1024x768.jpg\" class=\"attachment-large size-large wp-image-1333\" alt=\"\" srcset=\"https:\/\/racoon-steuerungstechnik.de\/wp-content\/uploads\/2023\/10\/20230819_093349-1024x768.jpg 1024w, https:\/\/racoon-steuerungstechnik.de\/wp-content\/uploads\/2023\/10\/20230819_093349-300x225.jpg 300w, https:\/\/racoon-steuerungstechnik.de\/wp-content\/uploads\/2023\/10\/20230819_093349-768x576.jpg 768w, https:\/\/racoon-steuerungstechnik.de\/wp-content\/uploads\/2023\/10\/20230819_093349-1536x1152.jpg 1536w, https:\/\/racoon-steuerungstechnik.de\/wp-content\/uploads\/2023\/10\/20230819_093349-2048x1536.jpg 2048w\" sizes=\"(max-width: 1024px) 100vw, 1024px\" \/>\t\t\t\t\t\t\t\t\t\t\t\t\t\t\t<\/div>\n\t\t\t\t<\/div>\n\t\t\t\t\t<\/div>\n\t\t<\/div>\n\t\t\t\t<div class=\"elementor-column elementor-col-50 elementor-top-column elementor-element elementor-element-674e8ca\" data-id=\"674e8ca\" data-element_type=\"column\" data-e-type=\"column\">\n\t\t\t<div class=\"elementor-widget-wrap elementor-element-populated\">\n\t\t\t\t\t\t<div class=\"elementor-element elementor-element-8d2e577 elementor-widget elementor-widget-image\" data-id=\"8d2e577\" data-element_type=\"widget\" data-e-type=\"widget\" data-widget_type=\"image.default\">\n\t\t\t\t<div class=\"elementor-widget-container\">\n\t\t\t\t\t\t\t\t\t\t\t\t\t\t\t<img loading=\"lazy\" decoding=\"async\" width=\"768\" height=\"569\" src=\"https:\/\/racoon-steuerungstechnik.de\/wp-content\/uploads\/2023\/10\/KAbel-768x569.jpg\" class=\"attachment-medium_large size-medium_large wp-image-1332\" alt=\"\" srcset=\"https:\/\/racoon-steuerungstechnik.de\/wp-content\/uploads\/2023\/10\/KAbel-768x569.jpg 768w, https:\/\/racoon-steuerungstechnik.de\/wp-content\/uploads\/2023\/10\/KAbel-300x222.jpg 300w, https:\/\/racoon-steuerungstechnik.de\/wp-content\/uploads\/2023\/10\/KAbel-1024x759.jpg 1024w, https:\/\/racoon-steuerungstechnik.de\/wp-content\/uploads\/2023\/10\/KAbel-1536x1139.jpg 1536w, https:\/\/racoon-steuerungstechnik.de\/wp-content\/uploads\/2023\/10\/KAbel-2048x1518.jpg 2048w\" sizes=\"(max-width: 768px) 100vw, 768px\" \/>\t\t\t\t\t\t\t\t\t\t\t\t\t\t\t<\/div>\n\t\t\t\t<\/div>\n\t\t\t\t\t<\/div>\n\t\t<\/div>\n\t\t\t\t\t<\/div>\n\t\t<\/section>\n\t\t\t\t<section class=\"elementor-section elementor-top-section elementor-element elementor-element-be15055 elementor-section-boxed elementor-section-height-default elementor-section-height-default\" data-id=\"be15055\" data-element_type=\"section\" data-e-type=\"section\">\n\t\t\t\t\t\t<div class=\"elementor-container elementor-column-gap-default\">\n\t\t\t\t\t<div class=\"elementor-column elementor-col-100 elementor-top-column elementor-element elementor-element-3367fe8\" data-id=\"3367fe8\" data-element_type=\"column\" data-e-type=\"column\">\n\t\t\t<div class=\"elementor-widget-wrap elementor-element-populated\">\n\t\t\t\t\t\t\t<\/div>\n\t\t<\/div>\n\t\t\t\t\t<\/div>\n\t\t<\/section>\n\t\t\t\t<section class=\"elementor-section elementor-top-section elementor-element elementor-element-6dbe43a elementor-section-boxed elementor-section-height-default elementor-section-height-default\" data-id=\"6dbe43a\" data-element_type=\"section\" data-e-type=\"section\">\n\t\t\t\t\t\t<div class=\"elementor-container elementor-column-gap-default\">\n\t\t\t\t\t<div class=\"elementor-column elementor-col-100 elementor-top-column elementor-element elementor-element-2544df2\" data-id=\"2544df2\" data-element_type=\"column\" data-e-type=\"column\">\n\t\t\t<div class=\"elementor-widget-wrap elementor-element-populated\">\n\t\t\t\t\t\t<div class=\"elementor-element elementor-element-0cb41f8 elementor-widget elementor-widget-heading\" data-id=\"0cb41f8\" data-element_type=\"widget\" data-e-type=\"widget\" data-widget_type=\"heading.default\">\n\t\t\t\t<div class=\"elementor-widget-container\">\n\t\t\t\t\t<h2 class=\"elementor-heading-title elementor-size-default\">Gib hier deine \u00dcberschrift ein<\/h2>\t\t\t\t<\/div>\n\t\t\t\t<\/div>\n\t\t\t\t\t<\/div>\n\t\t<\/div>\n\t\t\t\t\t<\/div>\n\t\t<\/section>\n\t\t\t\t<section class=\"elementor-section elementor-top-section elementor-element elementor-element-55e4699 elementor-section-boxed elementor-section-height-default elementor-section-height-default\" data-id=\"55e4699\" data-element_type=\"section\" data-e-type=\"section\">\n\t\t\t\t\t\t<div class=\"elementor-container elementor-column-gap-default\">\n\t\t\t\t\t<div class=\"elementor-column elementor-col-100 elementor-top-column elementor-element elementor-element-a85d281\" data-id=\"a85d281\" data-element_type=\"column\" data-e-type=\"column\">\n\t\t\t<div class=\"elementor-widget-wrap elementor-element-populated\">\n\t\t\t\t\t\t<div class=\"elementor-element elementor-element-8ffe619 elementor-widget elementor-widget-button\" data-id=\"8ffe619\" data-element_type=\"widget\" data-e-type=\"widget\" data-widget_type=\"button.default\">\n\t\t\t\t<div class=\"elementor-widget-container\">\n\t\t\t\t\t\t\t\t\t<div class=\"elementor-button-wrapper\">\n\t\t\t\t\t<a class=\"elementor-button elementor-button-link elementor-size-sm\" href=\"#\">\n\t\t\t\t\t\t<span class=\"elementor-button-content-wrapper\">\n\t\t\t\t\t\t\t\t\t<span class=\"elementor-button-text\">Hier klicken<\/span>\n\t\t\t\t\t<\/span>\n\t\t\t\t\t<\/a>\n\t\t\t\t<\/div>\n\t\t\t\t\t\t\t\t<\/div>\n\t\t\t\t<\/div>\n\t\t\t\t\t<\/div>\n\t\t<\/div>\n\t\t\t\t\t<\/div>\n\t\t<\/section>\n\t\t\t\t<\/div>\n\t\t","protected":false},"excerpt":{"rendered":"<p>Racoon Steuerungstechnik &#8211; Ihr Experte f\u00fcr den An- und Verkauf von Industrietechnik, Medizintechnik, Steuer &amp; Regeltechnik und Luftschutztechnik. \u00a0 Unser Unternehmen hat sich auf\u00a0 den An- und Verkauf von den oben genannten Artikeln spezialisiert und bietet Ihnen eine breite Palette an Produkten und Dienstleistungen, um Ihre individuellen Anforderungen zu erf\u00fcllen. \u00a0 Als Aussergew\u00f6hnliches Angebot bieten &hellip;<\/p>\n","protected":false},"author":1,"featured_media":0,"parent":0,"menu_order":0,"comment_status":"closed","ping_status":"closed","template":"homepage.php","meta":{"footnotes":""},"class_list":["post-1150","page","type-page","status-publish","hentry"],"aioseo_notices":[],"_links":{"self":[{"href":"https:\/\/racoon-steuerungstechnik.de\/index.php\/wp-json\/wp\/v2\/pages\/1150","targetHints":{"allow":["GET"]}}],"collection":[{"href":"https:\/\/racoon-steuerungstechnik.de\/index.php\/wp-json\/wp\/v2\/pages"}],"about":[{"href":"https:\/\/racoon-steuerungstechnik.de\/index.php\/wp-json\/wp\/v2\/types\/page"}],"author":[{"embeddable":true,"href":"https:\/\/racoon-steuerungstechnik.de\/index.php\/wp-json\/wp\/v2\/users\/1"}],"replies":[{"embeddable":true,"href":"https:\/\/racoon-steuerungstechnik.de\/index.php\/wp-json\/wp\/v2\/comments?post=1150"}],"version-history":[{"count":30,"href":"https:\/\/racoon-steuerungstechnik.de\/index.php\/wp-json\/wp\/v2\/pages\/1150\/revisions"}],"predecessor-version":[{"id":1391,"href":"https:\/\/racoon-steuerungstechnik.de\/index.php\/wp-json\/wp\/v2\/pages\/1150\/revisions\/1391"}],"wp:attachment":[{"href":"https:\/\/racoon-steuerungstechnik.de\/index.php\/wp-json\/wp\/v2\/media?parent=1150"}],"curies":[{"name":"wp","href":"https:\/\/api.w.org\/{rel}","templated":true}]}}