{"id":535,"date":"2015-07-17T12:56:48","date_gmt":"2015-07-17T12:56:48","guid":{"rendered":"http:\/\/capethemes.com\/demo\/industry\/?page_id=535"},"modified":"2023-10-15T11:23:23","modified_gmt":"2023-10-15T11:23:23","slug":"power-energy","status":"publish","type":"page","link":"https:\/\/racoon-steuerungstechnik.de\/index.php\/templates\/power-energy\/","title":{"rendered":"Power &#038; Energy"},"content":{"rendered":"\t\t<div data-elementor-type=\"wp-page\" data-elementor-id=\"535\" class=\"elementor elementor-535\">\n\t\t\t\t\t\t<section class=\"elementor-section elementor-top-section elementor-element elementor-element-e97548c elementor-section-boxed elementor-section-height-default elementor-section-height-default\" data-id=\"e97548c\" data-element_type=\"section\" data-e-type=\"section\">\n\t\t\t\t\t\t<div class=\"elementor-container elementor-column-gap-default\">\n\t\t\t\t\t<div class=\"elementor-column elementor-col-50 elementor-top-column elementor-element elementor-element-f3493cc\" data-id=\"f3493cc\" data-element_type=\"column\" data-e-type=\"column\">\n\t\t\t<div class=\"elementor-widget-wrap elementor-element-populated\">\n\t\t\t\t\t\t<div class=\"elementor-element elementor-element-ce88c7b elementor-widget__width-initial elementor-widget elementor-widget-image\" data-id=\"ce88c7b\" data-element_type=\"widget\" data-e-type=\"widget\" data-widget_type=\"image.default\">\n\t\t\t\t<div class=\"elementor-widget-container\">\n\t\t\t\t\t\t\t\t\t\t\t\t\t\t\t<img fetchpriority=\"high\" decoding=\"async\" width=\"768\" height=\"576\" src=\"https:\/\/racoon-steuerungstechnik.de\/wp-content\/uploads\/2023\/09\/IMG_20190504_005916-768x576.jpg\" class=\"attachment-medium_large size-medium_large wp-image-1061\" alt=\"\" srcset=\"https:\/\/racoon-steuerungstechnik.de\/wp-content\/uploads\/2023\/09\/IMG_20190504_005916-768x576.jpg 768w, https:\/\/racoon-steuerungstechnik.de\/wp-content\/uploads\/2023\/09\/IMG_20190504_005916-300x225.jpg 300w, https:\/\/racoon-steuerungstechnik.de\/wp-content\/uploads\/2023\/09\/IMG_20190504_005916-1024x768.jpg 1024w, https:\/\/racoon-steuerungstechnik.de\/wp-content\/uploads\/2023\/09\/IMG_20190504_005916-1536x1152.jpg 1536w, https:\/\/racoon-steuerungstechnik.de\/wp-content\/uploads\/2023\/09\/IMG_20190504_005916-2048x1536.jpg 2048w\" sizes=\"(max-width: 768px) 100vw, 768px\" \/>\t\t\t\t\t\t\t\t\t\t\t\t\t\t\t<\/div>\n\t\t\t\t<\/div>\n\t\t\t\t<div class=\"elementor-element elementor-element-6031f77 elementor-widget elementor-widget-text-editor\" data-id=\"6031f77\" data-element_type=\"widget\" data-e-type=\"widget\" data-widget_type=\"text-editor.default\">\n\t\t\t\t<div class=\"elementor-widget-container\">\n\t\t\t\t\t\t\t\t\t<p>Notstromaggregate \/ Netzersatzanlagen werden von uns Fachgerecht demontiert und meist exportiert. Kleinere NEAs dienen oft als Teiletr\u00e4ger f\u00fcr Altanlagen.<\/p>\t\t\t\t\t\t\t\t<\/div>\n\t\t\t\t<\/div>\n\t\t\t\t<div class=\"elementor-element elementor-element-b0759e1 elementor-widget elementor-widget-image\" data-id=\"b0759e1\" data-element_type=\"widget\" data-e-type=\"widget\" data-widget_type=\"image.default\">\n\t\t\t\t<div class=\"elementor-widget-container\">\n\t\t\t\t\t\t\t\t\t\t\t\t\t\t\t<img decoding=\"async\" width=\"1024\" height=\"768\" src=\"https:\/\/racoon-steuerungstechnik.de\/wp-content\/uploads\/2023\/10\/20231015_130759-1024x768.jpg\" class=\"attachment-large size-large wp-image-1279\" alt=\"\" srcset=\"https:\/\/racoon-steuerungstechnik.de\/wp-content\/uploads\/2023\/10\/20231015_130759-1024x768.jpg 1024w, https:\/\/racoon-steuerungstechnik.de\/wp-content\/uploads\/2023\/10\/20231015_130759-300x225.jpg 300w, https:\/\/racoon-steuerungstechnik.de\/wp-content\/uploads\/2023\/10\/20231015_130759-768x576.jpg 768w, https:\/\/racoon-steuerungstechnik.de\/wp-content\/uploads\/2023\/10\/20231015_130759-1536x1152.jpg 1536w, https:\/\/racoon-steuerungstechnik.de\/wp-content\/uploads\/2023\/10\/20231015_130759-2048x1536.jpg 2048w\" sizes=\"(max-width: 1024px) 100vw, 1024px\" \/>\t\t\t\t\t\t\t\t\t\t\t\t\t\t\t<\/div>\n\t\t\t\t<\/div>\n\t\t\t\t\t<\/div>\n\t\t<\/div>\n\t\t\t\t<div class=\"elementor-column elementor-col-50 elementor-top-column elementor-element elementor-element-d6cdde9\" data-id=\"d6cdde9\" data-element_type=\"column\" data-e-type=\"column\">\n\t\t\t<div class=\"elementor-widget-wrap elementor-element-populated\">\n\t\t\t\t\t\t<div class=\"elementor-element elementor-element-5eb4012 elementor-widget elementor-widget-image\" data-id=\"5eb4012\" data-element_type=\"widget\" data-e-type=\"widget\" data-widget_type=\"image.default\">\n\t\t\t\t<div class=\"elementor-widget-container\">\n\t\t\t\t\t\t\t\t\t\t\t\t\t\t\t<img decoding=\"async\" width=\"960\" height=\"640\" src=\"https:\/\/racoon-steuerungstechnik.de\/wp-content\/uploads\/2023\/09\/10359547_1482310858724484_6819785191756164875_n.jpg\" class=\"attachment-large size-large wp-image-1060\" alt=\"\" srcset=\"https:\/\/racoon-steuerungstechnik.de\/wp-content\/uploads\/2023\/09\/10359547_1482310858724484_6819785191756164875_n.jpg 960w, https:\/\/racoon-steuerungstechnik.de\/wp-content\/uploads\/2023\/09\/10359547_1482310858724484_6819785191756164875_n-300x200.jpg 300w, https:\/\/racoon-steuerungstechnik.de\/wp-content\/uploads\/2023\/09\/10359547_1482310858724484_6819785191756164875_n-768x512.jpg 768w\" sizes=\"(max-width: 960px) 100vw, 960px\" \/>\t\t\t\t\t\t\t\t\t\t\t\t\t\t\t<\/div>\n\t\t\t\t<\/div>\n\t\t\t\t<div class=\"elementor-element elementor-element-170c358 elementor-widget elementor-widget-text-editor\" data-id=\"170c358\" data-element_type=\"widget\" data-e-type=\"widget\" data-widget_type=\"text-editor.default\">\n\t\t\t\t<div class=\"elementor-widget-container\">\n\t\t\t\t\t\t\t\t\t<p>Die Demontage kleiner bis mittlerer Schaltanlagen stellt f\u00fcr uns kein Problem dar. Von der kompletten, besenreinen Demontage bis zur kleineren Teildemontage stehen wir zur Verf\u00fcgung.<\/p><p>Unser Vorteil anderen gegen\u00fcber?<\/p><p>Wir arbeiten auf Wunsch auch Samstags \/ Sonntags \/ Feiertags und Nachts um Produktions- und Fertigungsabl\u00e4ufe nicht zu st\u00f6ren oder zu behindern.<\/p>\t\t\t\t\t\t\t\t<\/div>\n\t\t\t\t<\/div>\n\t\t\t\t\t<\/div>\n\t\t<\/div>\n\t\t\t\t\t<\/div>\n\t\t<\/section>\n\t\t\t\t<section class=\"elementor-section elementor-top-section elementor-element elementor-element-f1b4f60 elementor-section-boxed elementor-section-height-default elementor-section-height-default\" data-id=\"f1b4f60\" data-element_type=\"section\" data-e-type=\"section\">\n\t\t\t\t\t\t<div class=\"elementor-container elementor-column-gap-default\">\n\t\t\t\t\t<div class=\"elementor-column elementor-col-50 elementor-top-column elementor-element elementor-element-cb2da20\" data-id=\"cb2da20\" data-element_type=\"column\" data-e-type=\"column\">\n\t\t\t<div class=\"elementor-widget-wrap elementor-element-populated\">\n\t\t\t\t\t\t<div class=\"elementor-element elementor-element-d188c13 elementor-widget elementor-widget-image\" data-id=\"d188c13\" data-element_type=\"widget\" data-e-type=\"widget\" data-widget_type=\"image.default\">\n\t\t\t\t<div class=\"elementor-widget-container\">\n\t\t\t\t\t\t\t\t\t\t\t\t\t\t\t<img loading=\"lazy\" decoding=\"async\" width=\"768\" height=\"1024\" src=\"https:\/\/racoon-steuerungstechnik.de\/wp-content\/uploads\/2023\/10\/20231015_130742-768x1024.jpg\" class=\"attachment-large size-large wp-image-1280\" alt=\"\" srcset=\"https:\/\/racoon-steuerungstechnik.de\/wp-content\/uploads\/2023\/10\/20231015_130742-768x1024.jpg 768w, https:\/\/racoon-steuerungstechnik.de\/wp-content\/uploads\/2023\/10\/20231015_130742-225x300.jpg 225w, https:\/\/racoon-steuerungstechnik.de\/wp-content\/uploads\/2023\/10\/20231015_130742-1152x1536.jpg 1152w, https:\/\/racoon-steuerungstechnik.de\/wp-content\/uploads\/2023\/10\/20231015_130742-1536x2048.jpg 1536w, https:\/\/racoon-steuerungstechnik.de\/wp-content\/uploads\/2023\/10\/20231015_130742-scaled.jpg 1920w\" sizes=\"(max-width: 768px) 100vw, 768px\" \/>\t\t\t\t\t\t\t\t\t\t\t\t\t\t\t<\/div>\n\t\t\t\t<\/div>\n\t\t\t\t\t<\/div>\n\t\t<\/div>\n\t\t\t\t<div class=\"elementor-column elementor-col-50 elementor-top-column elementor-element elementor-element-05708c2\" data-id=\"05708c2\" data-element_type=\"column\" data-e-type=\"column\">\n\t\t\t<div class=\"elementor-widget-wrap\">\n\t\t\t\t\t\t\t<\/div>\n\t\t<\/div>\n\t\t\t\t\t<\/div>\n\t\t<\/section>\n\t\t\t\t<\/div>\n\t\t","protected":false},"excerpt":{"rendered":"<p>Notstromaggregate \/ Netzersatzanlagen werden von uns Fachgerecht demontiert und meist exportiert. Kleinere NEAs dienen oft als Teiletr\u00e4ger f\u00fcr Altanlagen. Die Demontage kleiner bis mittlerer Schaltanlagen stellt f\u00fcr uns kein Problem dar. Von der kompletten, besenreinen Demontage bis zur kleineren Teildemontage stehen wir zur Verf\u00fcgung. Unser Vorteil anderen gegen\u00fcber? Wir arbeiten auf Wunsch auch Samstags \/ &hellip;<\/p>\n","protected":false},"author":1,"featured_media":0,"parent":513,"menu_order":0,"comment_status":"closed","ping_status":"closed","template":"template-fullwidth.php","meta":{"footnotes":""},"class_list":["post-535","page","type-page","status-publish","hentry"],"aioseo_notices":[],"_links":{"self":[{"href":"https:\/\/racoon-steuerungstechnik.de\/index.php\/wp-json\/wp\/v2\/pages\/535","targetHints":{"allow":["GET"]}}],"collection":[{"href":"https:\/\/racoon-steuerungstechnik.de\/index.php\/wp-json\/wp\/v2\/pages"}],"about":[{"href":"https:\/\/racoon-steuerungstechnik.de\/index.php\/wp-json\/wp\/v2\/types\/page"}],"author":[{"embeddable":true,"href":"https:\/\/racoon-steuerungstechnik.de\/index.php\/wp-json\/wp\/v2\/users\/1"}],"replies":[{"embeddable":true,"href":"https:\/\/racoon-steuerungstechnik.de\/index.php\/wp-json\/wp\/v2\/comments?post=535"}],"version-history":[{"count":10,"href":"https:\/\/racoon-steuerungstechnik.de\/index.php\/wp-json\/wp\/v2\/pages\/535\/revisions"}],"predecessor-version":[{"id":1286,"href":"https:\/\/racoon-steuerungstechnik.de\/index.php\/wp-json\/wp\/v2\/pages\/535\/revisions\/1286"}],"up":[{"embeddable":true,"href":"https:\/\/racoon-steuerungstechnik.de\/index.php\/wp-json\/wp\/v2\/pages\/513"}],"wp:attachment":[{"href":"https:\/\/racoon-steuerungstechnik.de\/index.php\/wp-json\/wp\/v2\/media?parent=535"}],"curies":[{"name":"wp","href":"https:\/\/api.w.org\/{rel}","templated":true}]}}