{"id":537,"date":"2015-07-17T13:01:38","date_gmt":"2015-07-17T13:01:38","guid":{"rendered":"http:\/\/capethemes.com\/demo\/industry\/?page_id=537"},"modified":"2023-10-14T19:01:43","modified_gmt":"2023-10-14T19:01:43","slug":"chemicals","status":"publish","type":"page","link":"https:\/\/racoon-steuerungstechnik.de\/index.php\/templates\/chemicals\/","title":{"rendered":"Chemie \/ Labor"},"content":{"rendered":"\t\t<div data-elementor-type=\"wp-page\" data-elementor-id=\"537\" class=\"elementor elementor-537\">\n\t\t\t\t\t\t<section class=\"elementor-section elementor-top-section elementor-element elementor-element-cb45c5b elementor-section-boxed elementor-section-height-default elementor-section-height-default\" data-id=\"cb45c5b\" data-element_type=\"section\" data-e-type=\"section\">\n\t\t\t\t\t\t<div class=\"elementor-container elementor-column-gap-default\">\n\t\t\t\t\t<div class=\"elementor-column elementor-col-50 elementor-top-column elementor-element elementor-element-f020858\" data-id=\"f020858\" data-element_type=\"column\" data-e-type=\"column\">\n\t\t\t<div class=\"elementor-widget-wrap elementor-element-populated\">\n\t\t\t\t\t\t<div class=\"elementor-element elementor-element-c8b46d0 elementor-widget elementor-widget-image\" data-id=\"c8b46d0\" data-element_type=\"widget\" data-e-type=\"widget\" data-widget_type=\"image.default\">\n\t\t\t\t<div class=\"elementor-widget-container\">\n\t\t\t\t\t\t\t\t\t\t\t\t\t\t\t<img fetchpriority=\"high\" decoding=\"async\" width=\"800\" height=\"533\" src=\"https:\/\/racoon-steuerungstechnik.de\/wp-content\/uploads\/2023\/10\/Racoon-Steuerrung.jpg\" class=\"attachment-large size-large wp-image-1247\" alt=\"\" srcset=\"https:\/\/racoon-steuerungstechnik.de\/wp-content\/uploads\/2023\/10\/Racoon-Steuerrung.jpg 800w, https:\/\/racoon-steuerungstechnik.de\/wp-content\/uploads\/2023\/10\/Racoon-Steuerrung-300x200.jpg 300w, https:\/\/racoon-steuerungstechnik.de\/wp-content\/uploads\/2023\/10\/Racoon-Steuerrung-768x512.jpg 768w\" sizes=\"(max-width: 800px) 100vw, 800px\" \/>\t\t\t\t\t\t\t\t\t\t\t\t\t\t\t<\/div>\n\t\t\t\t<\/div>\n\t\t\t\t\t<\/div>\n\t\t<\/div>\n\t\t\t\t<div class=\"elementor-column elementor-col-50 elementor-top-column elementor-element elementor-element-da9b2ee\" data-id=\"da9b2ee\" data-element_type=\"column\" data-e-type=\"column\">\n\t\t\t<div class=\"elementor-widget-wrap elementor-element-populated\">\n\t\t\t\t\t\t<div class=\"elementor-element elementor-element-7119781 elementor-widget elementor-widget-text-editor\" data-id=\"7119781\" data-element_type=\"widget\" data-e-type=\"widget\" data-widget_type=\"text-editor.default\">\n\t\t\t\t<div class=\"elementor-widget-container\">\n\t\t\t\t\t\t\t\t\t<p>Wir sind Ihr zuverl\u00e4ssiger Partner, wenn es um den Ankauf von gebrauchter Labor- und Chemietechnik geht. Unser Unternehmen verf\u00fcgt \u00fcber langj\u00e4hrige Erfahrung in diesem Bereich und bietet Ihnen einen professionellen und effizienten Service.<\/p>\n<p>Ob Sie ein Forschungslabor, eine pharmazeutische Einrichtung oder eine chemische Produktionsst\u00e4tte haben &#8211; wir kaufen verschiedene Arten von Labor- und Chemietechnik an. Dazu geh\u00f6ren beispielsweise Analyseger\u00e4te, Spektrometer, Zentrifugen, Destillationsanlagen und vieles mehr. Unsere Experten bewerten Ihre Ger\u00e4te fair und bieten Ihnen einen marktgerechten Preis.<\/p>\n<p>Unser Ankaufsprozess ist einfach und transparent. Sie k\u00f6nnen uns kontaktieren und uns Informationen \u00fcber die zu verkaufende Labor- und Chemietechnik geben. Unser Team wird sich umgehend mit Ihnen in Verbindung setzen und alle weiteren Schritte besprechen. Wir k\u00fcmmern uns um den Abbau, den Transport und die Abwicklung des Verkaufs.<\/p>\n<p>Bei Labor- und Chemietechnik Ankauf legen wir gro\u00dfen Wert auf Kundenzufriedenheit. Wir garantieren Ihnen eine schnelle Abwicklung, faire Preise und einen erstklassigen Service.<\/p>\n<p>Kontaktieren Sie uns noch heute, um mehr \u00fcber unseren Ankaufservice f\u00fcr Labor- und Chemietechnik zu erfahren. Wir freuen uns darauf, Ihnen weiterhelfen zu k\u00f6nnen!<\/p>\t\t\t\t\t\t\t\t<\/div>\n\t\t\t\t<\/div>\n\t\t\t\t\t<\/div>\n\t\t<\/div>\n\t\t\t\t\t<\/div>\n\t\t<\/section>\n\t\t\t\t<\/div>\n\t\t","protected":false},"excerpt":{"rendered":"<p>Wir sind Ihr zuverl\u00e4ssiger Partner, wenn es um den Ankauf von gebrauchter Labor- und Chemietechnik geht. Unser Unternehmen verf\u00fcgt \u00fcber langj\u00e4hrige Erfahrung in diesem Bereich und bietet Ihnen einen professionellen und effizienten Service. Ob Sie ein Forschungslabor, eine pharmazeutische Einrichtung oder eine chemische Produktionsst\u00e4tte haben &#8211; wir kaufen verschiedene Arten von Labor- und Chemietechnik an. &hellip;<\/p>\n","protected":false},"author":1,"featured_media":0,"parent":513,"menu_order":0,"comment_status":"closed","ping_status":"closed","template":"template-fullwidth.php","meta":{"footnotes":""},"class_list":["post-537","page","type-page","status-publish","hentry"],"aioseo_notices":[],"_links":{"self":[{"href":"https:\/\/racoon-steuerungstechnik.de\/index.php\/wp-json\/wp\/v2\/pages\/537","targetHints":{"allow":["GET"]}}],"collection":[{"href":"https:\/\/racoon-steuerungstechnik.de\/index.php\/wp-json\/wp\/v2\/pages"}],"about":[{"href":"https:\/\/racoon-steuerungstechnik.de\/index.php\/wp-json\/wp\/v2\/types\/page"}],"author":[{"embeddable":true,"href":"https:\/\/racoon-steuerungstechnik.de\/index.php\/wp-json\/wp\/v2\/users\/1"}],"replies":[{"embeddable":true,"href":"https:\/\/racoon-steuerungstechnik.de\/index.php\/wp-json\/wp\/v2\/comments?post=537"}],"version-history":[{"count":12,"href":"https:\/\/racoon-steuerungstechnik.de\/index.php\/wp-json\/wp\/v2\/pages\/537\/revisions"}],"predecessor-version":[{"id":1250,"href":"https:\/\/racoon-steuerungstechnik.de\/index.php\/wp-json\/wp\/v2\/pages\/537\/revisions\/1250"}],"up":[{"embeddable":true,"href":"https:\/\/racoon-steuerungstechnik.de\/index.php\/wp-json\/wp\/v2\/pages\/513"}],"wp:attachment":[{"href":"https:\/\/racoon-steuerungstechnik.de\/index.php\/wp-json\/wp\/v2\/media?parent=537"}],"curies":[{"name":"wp","href":"https:\/\/api.w.org\/{rel}","templated":true}]}}