{"id":539,"date":"2015-07-17T13:04:18","date_gmt":"2015-07-17T13:04:18","guid":{"rendered":"http:\/\/capethemes.com\/demo\/industry\/?page_id=539"},"modified":"2023-10-15T11:57:03","modified_gmt":"2023-10-15T11:57:03","slug":"lightweight-material-engineering","status":"publish","type":"page","link":"https:\/\/racoon-steuerungstechnik.de\/index.php\/templates\/lightweight-material-engineering\/","title":{"rendered":"Medizintechnik"},"content":{"rendered":"\t\t<div data-elementor-type=\"wp-page\" data-elementor-id=\"539\" class=\"elementor elementor-539\">\n\t\t\t\t\t\t<section class=\"elementor-section elementor-top-section elementor-element elementor-element-a7edd22 elementor-section-boxed elementor-section-height-default elementor-section-height-default\" data-id=\"a7edd22\" data-element_type=\"section\" data-e-type=\"section\">\n\t\t\t\t\t\t<div class=\"elementor-container elementor-column-gap-default\">\n\t\t\t\t\t<div class=\"elementor-column elementor-col-50 elementor-top-column elementor-element elementor-element-383606a\" data-id=\"383606a\" data-element_type=\"column\" data-e-type=\"column\">\n\t\t\t<div class=\"elementor-widget-wrap elementor-element-populated\">\n\t\t\t\t\t\t<div class=\"elementor-element elementor-element-39d5de6 elementor-widget__width-initial elementor-widget elementor-widget-image\" data-id=\"39d5de6\" data-element_type=\"widget\" data-e-type=\"widget\" data-widget_type=\"image.default\">\n\t\t\t\t<div class=\"elementor-widget-container\">\n\t\t\t\t\t\t\t\t\t\t\t\t\t\t\t<img fetchpriority=\"high\" decoding=\"async\" width=\"960\" height=\"430\" src=\"https:\/\/racoon-steuerungstechnik.de\/wp-content\/uploads\/2023\/10\/Krankenhaus.jpg\" class=\"attachment-large size-large wp-image-1297\" alt=\"\" srcset=\"https:\/\/racoon-steuerungstechnik.de\/wp-content\/uploads\/2023\/10\/Krankenhaus.jpg 960w, https:\/\/racoon-steuerungstechnik.de\/wp-content\/uploads\/2023\/10\/Krankenhaus-300x134.jpg 300w, https:\/\/racoon-steuerungstechnik.de\/wp-content\/uploads\/2023\/10\/Krankenhaus-768x344.jpg 768w\" sizes=\"(max-width: 960px) 100vw, 960px\" \/>\t\t\t\t\t\t\t\t\t\t\t\t\t\t\t<\/div>\n\t\t\t\t<\/div>\n\t\t\t\t\t<\/div>\n\t\t<\/div>\n\t\t\t\t<div class=\"elementor-column elementor-col-50 elementor-top-column elementor-element elementor-element-ec33175\" data-id=\"ec33175\" data-element_type=\"column\" data-e-type=\"column\">\n\t\t\t<div class=\"elementor-widget-wrap elementor-element-populated\">\n\t\t\t\t\t\t<div class=\"elementor-element elementor-element-c3cfd13 elementor-widget__width-initial elementor-widget elementor-widget-image\" data-id=\"c3cfd13\" data-element_type=\"widget\" data-e-type=\"widget\" data-widget_type=\"image.default\">\n\t\t\t\t<div class=\"elementor-widget-container\">\n\t\t\t\t\t\t\t\t\t\t\t\t\t\t\t<img decoding=\"async\" width=\"1024\" height=\"487\" src=\"https:\/\/racoon-steuerungstechnik.de\/wp-content\/uploads\/2023\/10\/klinik2-1024x487.jpg\" class=\"attachment-large size-large wp-image-1298\" alt=\"\" srcset=\"https:\/\/racoon-steuerungstechnik.de\/wp-content\/uploads\/2023\/10\/klinik2-1024x487.jpg 1024w, https:\/\/racoon-steuerungstechnik.de\/wp-content\/uploads\/2023\/10\/klinik2-300x143.jpg 300w, https:\/\/racoon-steuerungstechnik.de\/wp-content\/uploads\/2023\/10\/klinik2-768x366.jpg 768w, https:\/\/racoon-steuerungstechnik.de\/wp-content\/uploads\/2023\/10\/klinik2-1536x731.jpg 1536w, https:\/\/racoon-steuerungstechnik.de\/wp-content\/uploads\/2023\/10\/klinik2.jpg 1920w\" sizes=\"(max-width: 1024px) 100vw, 1024px\" \/>\t\t\t\t\t\t\t\t\t\t\t\t\t\t\t<\/div>\n\t\t\t\t<\/div>\n\t\t\t\t\t<\/div>\n\t\t<\/div>\n\t\t\t\t\t<\/div>\n\t\t<\/section>\n\t\t\t\t<section class=\"elementor-section elementor-top-section elementor-element elementor-element-fd778f4 elementor-section-boxed elementor-section-height-default elementor-section-height-default\" data-id=\"fd778f4\" data-element_type=\"section\" data-e-type=\"section\">\n\t\t\t\t\t\t<div class=\"elementor-container elementor-column-gap-default\">\n\t\t\t\t\t<div class=\"elementor-column elementor-col-100 elementor-top-column elementor-element elementor-element-5010a5f\" data-id=\"5010a5f\" data-element_type=\"column\" data-e-type=\"column\">\n\t\t\t<div class=\"elementor-widget-wrap elementor-element-populated\">\n\t\t\t\t\t\t<div class=\"elementor-element elementor-element-e2f7664 elementor-widget elementor-widget-text-editor\" data-id=\"e2f7664\" data-element_type=\"widget\" data-e-type=\"widget\" data-widget_type=\"text-editor.default\">\n\t\t\t\t<div class=\"elementor-widget-container\">\n\t\t\t\t\t\t\t\t\t<p>Der Ankauf und die Verwertung von Medizitechnischen Ger\u00e4ten und Ausstattungen geh\u00f6rt ebenfalls zu unseren Favoriten.<\/p><p>Von kompletten Abteilungen eines Krankenhauses bis zum alten Lager mit l\u00e4ngst vergessener Medizintechnik &#8230;<\/p><p>Von der Arztpraxis bis zur Apotheke &#8230;<\/p><p>Auch Kleinmengen sind interessant !<\/p><p>Wir halten uns streng an die \u00f6rtlichen Hygienema\u00dfnahmen und arbeiten auch wenn gew\u00fcnscht unter Medizinischem Vollschutz.\u00a0<\/p>\t\t\t\t\t\t\t\t<\/div>\n\t\t\t\t<\/div>\n\t\t\t\t\t<\/div>\n\t\t<\/div>\n\t\t\t\t\t<\/div>\n\t\t<\/section>\n\t\t\t\t<\/div>\n\t\t","protected":false},"excerpt":{"rendered":"<p>Der Ankauf und die Verwertung von Medizitechnischen Ger\u00e4ten und Ausstattungen geh\u00f6rt ebenfalls zu unseren Favoriten. Von kompletten Abteilungen eines Krankenhauses bis zum alten Lager mit l\u00e4ngst vergessener Medizintechnik &#8230; Von der Arztpraxis bis zur Apotheke &#8230; Auch Kleinmengen sind interessant ! Wir halten uns streng an die \u00f6rtlichen Hygienema\u00dfnahmen und arbeiten auch wenn gew\u00fcnscht unter &hellip;<\/p>\n","protected":false},"author":1,"featured_media":0,"parent":513,"menu_order":0,"comment_status":"closed","ping_status":"closed","template":"template-fullwidth.php","meta":{"footnotes":""},"class_list":["post-539","page","type-page","status-publish","hentry"],"aioseo_notices":[],"_links":{"self":[{"href":"https:\/\/racoon-steuerungstechnik.de\/index.php\/wp-json\/wp\/v2\/pages\/539","targetHints":{"allow":["GET"]}}],"collection":[{"href":"https:\/\/racoon-steuerungstechnik.de\/index.php\/wp-json\/wp\/v2\/pages"}],"about":[{"href":"https:\/\/racoon-steuerungstechnik.de\/index.php\/wp-json\/wp\/v2\/types\/page"}],"author":[{"embeddable":true,"href":"https:\/\/racoon-steuerungstechnik.de\/index.php\/wp-json\/wp\/v2\/users\/1"}],"replies":[{"embeddable":true,"href":"https:\/\/racoon-steuerungstechnik.de\/index.php\/wp-json\/wp\/v2\/comments?post=539"}],"version-history":[{"count":8,"href":"https:\/\/racoon-steuerungstechnik.de\/index.php\/wp-json\/wp\/v2\/pages\/539\/revisions"}],"predecessor-version":[{"id":1302,"href":"https:\/\/racoon-steuerungstechnik.de\/index.php\/wp-json\/wp\/v2\/pages\/539\/revisions\/1302"}],"up":[{"embeddable":true,"href":"https:\/\/racoon-steuerungstechnik.de\/index.php\/wp-json\/wp\/v2\/pages\/513"}],"wp:attachment":[{"href":"https:\/\/racoon-steuerungstechnik.de\/index.php\/wp-json\/wp\/v2\/media?parent=539"}],"curies":[{"name":"wp","href":"https:\/\/api.w.org\/{rel}","templated":true}]}}