{"id":678,"date":"2015-08-06T07:39:11","date_gmt":"2015-08-06T07:39:11","guid":{"rendered":"http:\/\/capethemes.com\/demo\/industry\/?page_id=678"},"modified":"2023-09-15T21:23:35","modified_gmt":"2023-09-15T21:23:35","slug":"kontakt-zu-uns","status":"publish","type":"page","link":"https:\/\/racoon-steuerungstechnik.de\/index.php\/kontakt-zu-uns\/","title":{"rendered":"Der Kontakt zu uns"},"content":{"rendered":"<p><strong>Racoon Steuerungstechnik<\/strong><\/p>\n<p>Inhaber &amp; Gesch\u00e4ftsf\u00fchrer Michael K\u00f6rner<\/p>\n<p>mail@racoon-steuerungstechnik.de<\/p>\n<p>02325 &#8211; 598 445 0<\/p>\n","protected":false},"excerpt":{"rendered":"<p>Racoon Steuerungstechnik Inhaber &amp; Gesch\u00e4ftsf\u00fchrer Michael K\u00f6rner mail@racoon-steuerungstechnik.de 02325 &#8211; 598 445 0<\/p>\n","protected":false},"author":1,"featured_media":0,"parent":0,"menu_order":0,"comment_status":"closed","ping_status":"closed","template":"","meta":{"footnotes":""},"class_list":["post-678","page","type-page","status-publish","hentry"],"aioseo_notices":[],"_links":{"self":[{"href":"https:\/\/racoon-steuerungstechnik.de\/index.php\/wp-json\/wp\/v2\/pages\/678","targetHints":{"allow":["GET"]}}],"collection":[{"href":"https:\/\/racoon-steuerungstechnik.de\/index.php\/wp-json\/wp\/v2\/pages"}],"about":[{"href":"https:\/\/racoon-steuerungstechnik.de\/index.php\/wp-json\/wp\/v2\/types\/page"}],"author":[{"embeddable":true,"href":"https:\/\/racoon-steuerungstechnik.de\/index.php\/wp-json\/wp\/v2\/users\/1"}],"replies":[{"embeddable":true,"href":"https:\/\/racoon-steuerungstechnik.de\/index.php\/wp-json\/wp\/v2\/comments?post=678"}],"version-history":[{"count":2,"href":"https:\/\/racoon-steuerungstechnik.de\/index.php\/wp-json\/wp\/v2\/pages\/678\/revisions"}],"predecessor-version":[{"id":1108,"href":"https:\/\/racoon-steuerungstechnik.de\/index.php\/wp-json\/wp\/v2\/pages\/678\/revisions\/1108"}],"wp:attachment":[{"href":"https:\/\/racoon-steuerungstechnik.de\/index.php\/wp-json\/wp\/v2\/media?parent=678"}],"curies":[{"name":"wp","href":"https:\/\/api.w.org\/{rel}","templated":true}]}}